{"id":583,"date":"2023-02-10T18:47:07","date_gmt":"2023-02-10T21:47:07","guid":{"rendered":"https:\/\/www.prixhotel.com.br\/site\/?page_id=583"},"modified":"2023-02-10T18:47:07","modified_gmt":"2023-02-10T21:47:07","slug":"cafe-da-manha","status":"publish","type":"page","link":"https:\/\/www.prixhotel.com.br\/site\/cafe-da-manha\/","title":{"rendered":"CAF\u00c9 DA MANH\u00c3"},"content":{"rendered":"<p style=\"text-align: center;\"><strong>CAF\u00c9 DA MANH\u00c3 INCLUSOS NA DI\u00c1RIA<\/strong><\/p>\n<p>O mais completo card\u00e1pio para uma boa alimenta\u00e7\u00e3o.\u00c9 o que proporciona o CAF\u00c9 DA MANH\u00c3 do PRIX HOTEL. Al\u00e9m de uma grande variedade de p\u00e3es, bolos, salgados e frutas, oferecemos tamb\u00e9m alimentos sem gl\u00faten.<\/p>\n<div class=\"foogallery foogallery-container foogallery-default foogallery-lightbox-foobox fg-gutter-10 fg-center fg-default fg-light     fg-loading-default fg-loaded-fade-in fg-custom   fg-caption-hover fg-hover-fade fg-hover-zoom\" id=\"foogallery-gallery-575\" data-foogallery=\"{&quot;item&quot;:{&quot;showCaptionTitle&quot;:true,&quot;showCaptionDescription&quot;:true},&quot;lazy&quot;:true,&quot;src&quot;:&quot;data-src-fg&quot;,&quot;srcset&quot;:&quot;data-srcset-fg&quot;}\" data-fg-common-fields=\"1\" >\n\t<div class=\"fg-item\"><figure class=\"fg-item-inner\"><a  href=\"https:\/\/www.prixhotel.com.br\/site\/wp-content\/uploads\/2023\/02\/PASSO-FUNDO-POR-DO-SOL4-50.jpg\" data-attachment-id=\"602\" class=\" fg-thumb\"><img  width=\"300\" height=\"300\" data-src-fg=\"https:\/\/www.prixhotel.com.br\/site\/wp-content\/uploads\/cache\/2023\/02\/PASSO-FUNDO-POR-DO-SOL4-50\/4219882728.jpg\" class=\"fg-image\" \/><\/a><figcaption class=\"fg-caption\"><div class=\"fg-caption-inner\"><\/div><\/figcaption><\/figure><\/div><div class=\"fg-item\"><figure class=\"fg-item-inner\"><a  href=\"https:\/\/www.prixhotel.com.br\/site\/wp-content\/uploads\/2023\/02\/PASSO-FUNDO-POR-DO-SOL4-59.jpg\" data-attachment-id=\"603\" class=\" fg-thumb\"><img  width=\"300\" height=\"300\" data-src-fg=\"https:\/\/www.prixhotel.com.br\/site\/wp-content\/uploads\/cache\/2023\/02\/PASSO-FUNDO-POR-DO-SOL4-59\/3181763138.jpg\" class=\"fg-image\" \/><\/a><figcaption class=\"fg-caption\"><div class=\"fg-caption-inner\"><\/div><\/figcaption><\/figure><\/div><div class=\"fg-item\"><figure class=\"fg-item-inner\"><a  href=\"https:\/\/www.prixhotel.com.br\/site\/wp-content\/uploads\/2023\/02\/c1-1.png\" data-attachment-id=\"577\" class=\" fg-thumb\"><img  width=\"300\" height=\"300\" data-src-fg=\"https:\/\/www.prixhotel.com.br\/site\/wp-content\/uploads\/cache\/2023\/02\/c1-1\/1435072847.png\" class=\"fg-image\" \/><\/a><figcaption class=\"fg-caption\"><div class=\"fg-caption-inner\"><\/div><\/figcaption><\/figure><\/div><div class=\"fg-item\"><figure class=\"fg-item-inner\"><a  href=\"https:\/\/www.prixhotel.com.br\/site\/wp-content\/uploads\/2023\/02\/ccc2-1.png\" data-attachment-id=\"578\" class=\" fg-thumb\"><img  width=\"300\" height=\"300\" data-src-fg=\"https:\/\/www.prixhotel.com.br\/site\/wp-content\/uploads\/cache\/2023\/02\/ccc2-1\/1557811076.png\" class=\"fg-image\" \/><\/a><figcaption class=\"fg-caption\"><div class=\"fg-caption-inner\"><\/div><\/figcaption><\/figure><\/div><div class=\"fg-item\"><figure class=\"fg-item-inner\"><a  href=\"https:\/\/www.prixhotel.com.br\/site\/wp-content\/uploads\/2023\/02\/PASSO-FUNDO-POR-DO-SOL4-4.jpg\" data-attachment-id=\"594\" class=\" fg-thumb\"><img  width=\"300\" height=\"300\" data-src-fg=\"https:\/\/www.prixhotel.com.br\/site\/wp-content\/uploads\/cache\/2023\/02\/PASSO-FUNDO-POR-DO-SOL4-4\/1601162927.jpg\" class=\"fg-image\" \/><\/a><figcaption class=\"fg-caption\"><div class=\"fg-caption-inner\"><\/div><\/figcaption><\/figure><\/div><div class=\"fg-item\"><figure class=\"fg-item-inner\"><a  href=\"https:\/\/www.prixhotel.com.br\/site\/wp-content\/uploads\/2023\/02\/PASSO-FUNDO-POR-DO-SOL4-6.jpg\" data-attachment-id=\"595\" class=\" fg-thumb\"><img  width=\"300\" height=\"300\" data-src-fg=\"https:\/\/www.prixhotel.com.br\/site\/wp-content\/uploads\/cache\/2023\/02\/PASSO-FUNDO-POR-DO-SOL4-6\/3271188398.jpg\" class=\"fg-image\" \/><\/a><figcaption class=\"fg-caption\"><div class=\"fg-caption-inner\"><\/div><\/figcaption><\/figure><\/div><div class=\"fg-item\"><figure class=\"fg-item-inner\"><a  href=\"https:\/\/www.prixhotel.com.br\/site\/wp-content\/uploads\/2023\/02\/PASSO-FUNDO-POR-DO-SOL4-15.jpg\" data-attachment-id=\"596\" class=\" fg-thumb\"><img  width=\"300\" height=\"300\" data-src-fg=\"https:\/\/www.prixhotel.com.br\/site\/wp-content\/uploads\/cache\/2023\/02\/PASSO-FUNDO-POR-DO-SOL4-15\/3481077484.jpg\" class=\"fg-image\" \/><\/a><figcaption class=\"fg-caption\"><div class=\"fg-caption-inner\"><\/div><\/figcaption><\/figure><\/div><div class=\"fg-item\"><figure class=\"fg-item-inner\"><a  href=\"https:\/\/www.prixhotel.com.br\/site\/wp-content\/uploads\/2023\/02\/PASSO-FUNDO-POR-DO-SOL4-20.jpg\" data-attachment-id=\"597\" class=\" fg-thumb\"><img  width=\"300\" height=\"300\" data-src-fg=\"https:\/\/www.prixhotel.com.br\/site\/wp-content\/uploads\/cache\/2023\/02\/PASSO-FUNDO-POR-DO-SOL4-20\/3883710924.jpg\" class=\"fg-image\" \/><\/a><figcaption class=\"fg-caption\"><div class=\"fg-caption-inner\"><\/div><\/figcaption><\/figure><\/div><div class=\"fg-item\"><figure class=\"fg-item-inner\"><a  href=\"https:\/\/www.prixhotel.com.br\/site\/wp-content\/uploads\/2023\/02\/PASSO-FUNDO-POR-DO-SOL4-26.jpg\" data-attachment-id=\"598\" class=\" fg-thumb\"><img  width=\"300\" height=\"300\" data-src-fg=\"https:\/\/www.prixhotel.com.br\/site\/wp-content\/uploads\/cache\/2023\/02\/PASSO-FUNDO-POR-DO-SOL4-26\/3532812358.jpg\" class=\"fg-image\" \/><\/a><figcaption class=\"fg-caption\"><div class=\"fg-caption-inner\"><\/div><\/figcaption><\/figure><\/div><div class=\"fg-item\"><figure class=\"fg-item-inner\"><a  href=\"https:\/\/www.prixhotel.com.br\/site\/wp-content\/uploads\/2023\/02\/PASSO-FUNDO-POR-DO-SOL4-32.jpg\" data-attachment-id=\"599\" class=\" fg-thumb\"><img  width=\"300\" height=\"300\" data-src-fg=\"https:\/\/www.prixhotel.com.br\/site\/wp-content\/uploads\/cache\/2023\/02\/PASSO-FUNDO-POR-DO-SOL4-32\/416278398.jpg\" class=\"fg-image\" \/><\/a><figcaption class=\"fg-caption\"><div class=\"fg-caption-inner\"><\/div><\/figcaption><\/figure><\/div><div class=\"fg-item\"><figure class=\"fg-item-inner\"><a  href=\"https:\/\/www.prixhotel.com.br\/site\/wp-content\/uploads\/2023\/02\/PASSO-FUNDO-POR-DO-SOL4-34.jpg\" data-attachment-id=\"600\" class=\" fg-thumb\"><img  width=\"300\" height=\"300\" data-src-fg=\"https:\/\/www.prixhotel.com.br\/site\/wp-content\/uploads\/cache\/2023\/02\/PASSO-FUNDO-POR-DO-SOL4-34\/3188662426.jpg\" class=\"fg-image\" \/><\/a><figcaption class=\"fg-caption\"><div class=\"fg-caption-inner\"><\/div><\/figcaption><\/figure><\/div><div class=\"fg-item\"><figure class=\"fg-item-inner\"><a  href=\"https:\/\/www.prixhotel.com.br\/site\/wp-content\/uploads\/2023\/02\/PASSO-FUNDO-POR-DO-SOL4-38.jpg\" data-attachment-id=\"601\" class=\" fg-thumb\"><img  width=\"300\" height=\"300\" data-src-fg=\"https:\/\/www.prixhotel.com.br\/site\/wp-content\/uploads\/cache\/2023\/02\/PASSO-FUNDO-POR-DO-SOL4-38\/2966206548.jpg\" class=\"fg-image\" \/><\/a><figcaption class=\"fg-caption\"><div class=\"fg-caption-inner\"><\/div><\/figcaption><\/figure><\/div><div class=\"fg-item\"><figure class=\"fg-item-inner\"><a  href=\"https:\/\/www.prixhotel.com.br\/site\/wp-content\/uploads\/2023\/02\/PASSO-FUNDO-POR-DO-SOL4-60.jpg\" data-attachment-id=\"604\" class=\" fg-thumb\"><img  width=\"300\" height=\"300\" data-src-fg=\"https:\/\/www.prixhotel.com.br\/site\/wp-content\/uploads\/cache\/2023\/02\/PASSO-FUNDO-POR-DO-SOL4-60\/3457244010.jpg\" class=\"fg-image\" \/><\/a><figcaption class=\"fg-caption\"><div class=\"fg-caption-inner\"><\/div><\/figcaption><\/figure><\/div><div class=\"fg-item\"><figure class=\"fg-item-inner\"><a  href=\"https:\/\/www.prixhotel.com.br\/site\/wp-content\/uploads\/2023\/02\/PASSO-FUNDO-POR-DO-SOL4-75.jpg\" data-attachment-id=\"605\" class=\" fg-thumb\"><img  width=\"300\" height=\"300\" data-src-fg=\"https:\/\/www.prixhotel.com.br\/site\/wp-content\/uploads\/cache\/2023\/02\/PASSO-FUNDO-POR-DO-SOL4-75\/3370568908.jpg\" class=\"fg-image\" \/><\/a><figcaption class=\"fg-caption\"><div class=\"fg-caption-inner\"><\/div><\/figcaption><\/figure><\/div><\/div>\n\n","protected":false},"excerpt":{"rendered":"<p>CAF\u00c9 DA MANH\u00c3 INCLUSOS NA DI\u00c1RIA O mais completo card\u00e1pio para uma boa alimenta\u00e7\u00e3o.\u00c9 o que proporciona o CAF\u00c9 DA MANH\u00c3 do PRIX HOTEL. Al\u00e9m de uma grande variedade de p\u00e3es, bolos, salgados e frutas, oferecemos tamb\u00e9m alimentos sem gl\u00faten.<\/p>\n","protected":false},"author":1,"featured_media":0,"parent":0,"menu_order":0,"comment_status":"closed","ping_status":"closed","template":"","meta":{"footnotes":""},"class_list":["post-583","page","type-page","status-publish","hentry"],"_links":{"self":[{"href":"https:\/\/www.prixhotel.com.br\/site\/wp-json\/wp\/v2\/pages\/583","targetHints":{"allow":["GET"]}}],"collection":[{"href":"https:\/\/www.prixhotel.com.br\/site\/wp-json\/wp\/v2\/pages"}],"about":[{"href":"https:\/\/www.prixhotel.com.br\/site\/wp-json\/wp\/v2\/types\/page"}],"author":[{"embeddable":true,"href":"https:\/\/www.prixhotel.com.br\/site\/wp-json\/wp\/v2\/users\/1"}],"replies":[{"embeddable":true,"href":"https:\/\/www.prixhotel.com.br\/site\/wp-json\/wp\/v2\/comments?post=583"}],"version-history":[{"count":1,"href":"https:\/\/www.prixhotel.com.br\/site\/wp-json\/wp\/v2\/pages\/583\/revisions"}],"predecessor-version":[{"id":584,"href":"https:\/\/www.prixhotel.com.br\/site\/wp-json\/wp\/v2\/pages\/583\/revisions\/584"}],"wp:attachment":[{"href":"https:\/\/www.prixhotel.com.br\/site\/wp-json\/wp\/v2\/media?parent=583"}],"curies":[{"name":"wp","href":"https:\/\/api.w.org\/{rel}","templated":true}]}}