{"id":18,"date":"2020-03-07T18:17:42","date_gmt":"2020-03-07T18:17:42","guid":{"rendered":"https:\/\/www.prixhotel.com.br\/site\/?page_id=18"},"modified":"2023-09-29T16:43:33","modified_gmt":"2023-09-29T19:43:33","slug":"tarifario","status":"publish","type":"page","link":"https:\/\/www.prixhotel.com.br\/site\/tarifario\/","title":{"rendered":"Tarif\u00e1rio"},"content":{"rendered":"<div class=\"advanced-slider\" id=\"slider-pro-2\" tabindex=\"0\" style=\"width: px; height: px;\">\n\t<div class=\"slides\">\n\t\t<div class=\"slide\" >\n\t\t\t<img decoding=\"async\" class=\"image\" src=\"https:\/\/www.prixhotel.com.br\/site\/wp-content\/uploads\/2025\/10\/OUTUBRO-2025.jpg\" alt=\"\"\/>\n\t\t<\/div>\n\t<\/div>\n<\/div>\n\n\n<p><img decoding=\"async\" class=\"size-large wp-image-573 aligncenter\" src=\"https:\/\/www.prixhotel.com.br\/site\/wp-content\/uploads\/2023\/02\/AVISO-PISCINAS-1-1-1024x77.jpg\" alt=\"\" width=\"1024\" height=\"77\"  loading=\"lazy\" srcset=\"https:\/\/www.prixhotel.com.br\/site\/wp-content\/uploads\/2023\/02\/AVISO-PISCINAS-1-1-1024x77.jpg 1024w, https:\/\/www.prixhotel.com.br\/site\/wp-content\/uploads\/2023\/02\/AVISO-PISCINAS-1-1-300x22.jpg 300w, https:\/\/www.prixhotel.com.br\/site\/wp-content\/uploads\/2023\/02\/AVISO-PISCINAS-1-1-768x58.jpg 768w\" sizes=\"auto, (max-width: 1024px) 100vw, 1024px\" \/><\/p>\n<h1 style=\"text-align: center;\">RESERVE:\u00a0<a href=\"mailto:reservas@prixhotel.com.br\" rel=\"noreferrer\">reservas@prixhotel.com.br<\/a>\u00a0\u00a0 (54)\u00a0<a class=\"fonteTextoTopo1\" href=\"tel:(54) 3335.8400\">3335.8400<\/a><\/h1>\n<p>&nbsp;<\/p>\n<h1 class=\"considere\" style=\"text-align: center;\"><strong>CONSIDERE RELEVANTE NA SUA AVALIA\u00c7\u00c3O DE TARIFA:<\/strong><\/h1>\n<h1 class=\"cafe2\" style=\"text-align: center;\"><strong>CAF\u00c9 DA MANH\u00c3 E GARAGEM INCLU\u00cdDOS<\/strong><\/h1>\n<h1>TERMOS E CONDI\u00c7\u00d5ES<\/h1>\n<p>Ag\u00eancias e Operadoras, sites de hospedagem cadastrados, e empresas com GRANDE DEMANDA de hospedagem, poder\u00e3o dependendo da \u00e9poca do ano, dia da semana, n\u00e3o concentra\u00e7\u00e3o de eventos, ter ainda algum tratamento de TARIFA e loca\u00e7\u00e3o de \u00e1reas de EVENTOS diferenciada. Consulte e formalize atrav\u00e9s da \u00e1rea de Reservas do PRIX HOTEL.<\/p>\n<ul>\n<li>A hospedagem \u00e9 paga antecipada e aceitos cart\u00f5es na sua grande maioria. Cheques n\u00e3o s\u00e3o recebidos.<\/li>\n<li>Cama extra R$ 100,00 (vi\u00e1vel em algumas unidades).<\/li>\n<li>Nossos triplos s\u00e3o permanentes, sejam individuais como de casal com filho.<\/li>\n<li>Crian\u00e7as at\u00e9 5 anos com 2 adultos n\u00e3o pagam ( 1 crian\u00e7a por casal). Ber\u00e7o apenas nos aptos Luxo Superior e Premium.<\/li>\n<li>Camas comprimento 2 m. Larguras: Solteiro 0,90m e 1,0m, Casal Queen 1,6m, King 2,0m e SKing 2,1m.<\/li>\n<li>A categoria Luxo EXECUTIVO \u00e9 a mais compacta de todas. A Luxo SUPERIOR e PREMIUM tem as dimens\u00f5es dos apartamentos progressivamente aumentadas. A ergonomia foi buscada amplamente no projeto, mesmo com as dimens\u00f5es de m\u00f3veis e camas acima da m\u00e9dia hoteleira. O usu\u00e1rio preferindo Luxo Executivo para pagar tarifa de hot\u00e9is econ\u00f4micos, deve entender que o espa\u00e7o ser\u00e1 mais compacto. Est\u00e1 impl\u00edcito que a decis\u00e3o por quarto mais folgado implica em tarifas levemente superiores.<\/li>\n<li>Hor\u00e1rio de checkin 14:00 e checkout 12:00. Late checkout apenas para unidades n\u00e3o comprometidas.<\/li>\n<\/ul>\n<p>&nbsp;<\/p>\n","protected":false},"excerpt":{"rendered":"<p>RESERVE:\u00a0reservas@prixhotel.com.br\u00a0\u00a0 (54)\u00a03335.8400 &nbsp; CONSIDERE RELEVANTE NA SUA AVALIA\u00c7\u00c3O DE TARIFA: CAF\u00c9 DA MANH\u00c3 E GARAGEM INCLU\u00cdDOS TERMOS E CONDI\u00c7\u00d5ES Ag\u00eancias e Operadoras, sites de hospedagem cadastrados, e empresas com GRANDE DEMANDA de hospedagem, poder\u00e3o dependendo da \u00e9poca do ano, dia da semana, n\u00e3o concentra\u00e7\u00e3o de eventos, ter ainda algum tratamento de TARIFA e loca\u00e7\u00e3o de [&hellip;]<\/p>\n","protected":false},"author":1,"featured_media":0,"parent":0,"menu_order":5,"comment_status":"closed","ping_status":"closed","template":"","meta":{"footnotes":""},"class_list":["post-18","page","type-page","status-publish","hentry"],"_links":{"self":[{"href":"https:\/\/www.prixhotel.com.br\/site\/wp-json\/wp\/v2\/pages\/18","targetHints":{"allow":["GET"]}}],"collection":[{"href":"https:\/\/www.prixhotel.com.br\/site\/wp-json\/wp\/v2\/pages"}],"about":[{"href":"https:\/\/www.prixhotel.com.br\/site\/wp-json\/wp\/v2\/types\/page"}],"author":[{"embeddable":true,"href":"https:\/\/www.prixhotel.com.br\/site\/wp-json\/wp\/v2\/users\/1"}],"replies":[{"embeddable":true,"href":"https:\/\/www.prixhotel.com.br\/site\/wp-json\/wp\/v2\/comments?post=18"}],"version-history":[{"count":37,"href":"https:\/\/www.prixhotel.com.br\/site\/wp-json\/wp\/v2\/pages\/18\/revisions"}],"predecessor-version":[{"id":648,"href":"https:\/\/www.prixhotel.com.br\/site\/wp-json\/wp\/v2\/pages\/18\/revisions\/648"}],"wp:attachment":[{"href":"https:\/\/www.prixhotel.com.br\/site\/wp-json\/wp\/v2\/media?parent=18"}],"curies":[{"name":"wp","href":"https:\/\/api.w.org\/{rel}","templated":true}]}}