{"id":10,"date":"2020-03-07T18:16:24","date_gmt":"2020-03-07T18:16:24","guid":{"rendered":"https:\/\/www.prixhotel.com.br\/site\/?page_id=10"},"modified":"2023-06-09T08:18:57","modified_gmt":"2023-06-09T11:18:57","slug":"home","status":"publish","type":"page","link":"https:\/\/www.prixhotel.com.br\/site\/","title":{"rendered":"Home"},"content":{"rendered":"<div class=\"advanced-slider\" id=\"slider-pro-1\" tabindex=\"0\" style=\"width: px; height: px;\">\n\t<div class=\"slides\">\n\t\t<div class=\"slide\" >\n\t\t\t<img decoding=\"async\" class=\"image\" src=\"https:\/\/www.prixhotel.com.br\/site\/wp-content\/uploads\/2021\/08\/2.jpg\" alt=\"\"\/>\n\t\t\t<img decoding=\"async\" class=\"thumbnail\" src=\"https:\/\/www.prixhotel.com.br\/site\/wp-content\/uploads\/2021\/08\/2.jpg\" alt=\"\"\/>\n\t\t<\/div>\n\t\t<div class=\"slide\" >\n\t\t\t<img decoding=\"async\" class=\"image\" src=\"https:\/\/www.prixhotel.com.br\/site\/wp-content\/uploads\/2021\/08\/1.jpg\" alt=\"\"\/>\n\t\t\t<img decoding=\"async\" class=\"thumbnail\" src=\"https:\/\/www.prixhotel.com.br\/site\/wp-content\/uploads\/2021\/08\/1.jpg\" alt=\"\"\/>\n\t\t<\/div>\n\t<\/div>\n<\/div>\n\n\n<div style=\"display: none;\">\n<p>acomodacoes passo fundo hotel passo fundo, quarto em passo fundo, hot\u00e9is, Passo Fundo RS, hot\u00e9is e almoco passo fundo<\/p>\n<h1>hot\u00e9is em Passo Fundo,\u00a0quarto passo fundo, hotel passo fundo,<\/h1>\n<h2>hot\u00e9is em passo fundo, acomodacoes passo fundo e regi\u00e3o, hotel passo fundo em passo fundo, hot\u00e9is venda equipamentos almoco passo fundo, acomodacoes em passo fundo rs, hot\u00e9is, para passo fundo e regi\u00e3o, hot\u00e9is para passo fundo e regi\u00e3o\u00a0almoco almoco passo fundo de hot\u00e9is em passo fundo, acomodacoes passo fundo e regi\u00e3o, hotel passo fundo em passo fundo, hot\u00e9is venda equipamentos almoco passo fundo, acomodacoes em passo fundo rs, hot\u00e9is,<a title=\"almoco almoco passo fundo de hot\u00e9is em passo fundo, acomodacoes passo fundo e regi\u00e3o, hotel passo fundo em passo fundo, hot\u00e9is venda equipamentos almoco passo fundo, acomodacoes em passo fundo rs, hot\u00e9is, para passo fundo e regi\u00e3o, hot\u00e9is para passo fundo e regi\u00e3o\" href=\"https:\/\/www.prixhotel.com.br\">para passo fundo e regi\u00e3o, hot\u00e9is para passo fundo e regi\u00e3o\u00a0almoco almoco passo fundo de hot\u00e9is em passo fundo, acomodacoes passo fundo e regi\u00e3o, hotel passo fundo em passo fundo, hot\u00e9is venda equipamentos almoco passo fundo, acomodacoes em passo fundo rs, hot\u00e9is<\/a>, para passo fundo e regi\u00e3o, hot\u00e9is para passo fundo e regi\u00e3o\u00a0almoco almoco passo fundo de hot\u00e9is em passo fundo, acomodacoes passo fundo e regi\u00e3o, hotel passo fundo em passo fundo, hot\u00e9is venda equipamentos almoco passo fundo, acomodacoes em passo fundo rs, hot\u00e9is, para passo fundo e regi\u00e3o, hot\u00e9is para passo fundo e regi\u00e3o\u00a0almoco almoco passo fundo de hot\u00e9is em passo fundo, acomodacoes passo fundo e regi\u00e3o, hotel passo fundo em passo fundo, hot\u00e9is venda equipamentos almoco passo fundo, acomodacoes em passo fundo rs, hot\u00e9is, para passo fundo e regi\u00e3o,<a title=\"almoco almoco passo fundo de hot\u00e9is em passo fundo, acomodacoes passo fundo e regi\u00e3o, hotel passo fundo em passo fundo, hot\u00e9is venda equipamentos almoco passo fundo, acomodacoes em passo fundo rs, hot\u00e9is, para passo fundo e regi\u00e3o, hot\u00e9is para passo fundo e regi\u00e3o\" href=\"https:\/\/www.prixhotel.com.br\/site\">hot\u00e9is para passo fundo e regi\u00e3o\u00a0almoco almoco passo fundo de hot\u00e9is em passo fundo, acomodacoes passo fundo e regi\u00e3o, cria\u00e7\u00e3o de sit<\/a>es em passo fundo, hot\u00e9is venda equipamentos almoco passo fundo, acomodacoes em passo fundo rs, hot\u00e9is, para passo fundo e regi\u00e3o, hot\u00e9is para passo fundo e regi\u00e3o<\/h2>\n<div id=\"attachment_747\" style=\"width: 353px\" class=\"wp-caption aligncenter\"><a href=\"https:\/\/www.prixhotel.com.br\/site\/wp-content\/uploads\/2013\/06\/per\u00edcia-m\u00e9dica-passo-fundo-rs.jpg\"><img decoding=\"async\" aria-describedby=\"caption-attachment-747\" class=\"size-full wp-image-747 \" title=\"almoco almoco passo fundo de hot\u00e9is em Passo Fundo\" src=\"https:\/\/www.prixhotel.com.br\/site\/wp-content\/uploads\/2013\/06\/per\u00edcia-m\u00e9dica-passo-fundo-rs.jpg\" alt=\"almoco almoco passo fundo de hot\u00e9is em Passo Fundo\" width=\"343\" height=\"300\"  loading=\"lazy\" \/><\/a><p id=\"caption-attachment-747\" class=\"wp-caption-text\">almoco almoco passo fundo de hot\u00e9is em Passo Fundo<\/p><\/div>\n<\/div>\n","protected":false},"excerpt":{"rendered":"<p>acomodacoes passo fundo hotel passo fundo, quarto em passo fundo, hot\u00e9is, Passo Fundo RS, hot\u00e9is e almoco passo fundo hot\u00e9is em Passo Fundo,\u00a0quarto passo fundo, hotel passo fundo, hot\u00e9is em passo fundo, acomodacoes passo fundo e regi\u00e3o, hotel passo fundo em passo fundo, hot\u00e9is venda equipamentos almoco passo fundo, acomodacoes em passo fundo rs, hot\u00e9is, [&hellip;]<\/p>\n","protected":false},"author":1,"featured_media":0,"parent":0,"menu_order":3,"comment_status":"closed","ping_status":"closed","template":"template-inicio.php","meta":{"footnotes":""},"class_list":["post-10","page","type-page","status-publish","hentry"],"_links":{"self":[{"href":"https:\/\/www.prixhotel.com.br\/site\/wp-json\/wp\/v2\/pages\/10","targetHints":{"allow":["GET"]}}],"collection":[{"href":"https:\/\/www.prixhotel.com.br\/site\/wp-json\/wp\/v2\/pages"}],"about":[{"href":"https:\/\/www.prixhotel.com.br\/site\/wp-json\/wp\/v2\/types\/page"}],"author":[{"embeddable":true,"href":"https:\/\/www.prixhotel.com.br\/site\/wp-json\/wp\/v2\/users\/1"}],"replies":[{"embeddable":true,"href":"https:\/\/www.prixhotel.com.br\/site\/wp-json\/wp\/v2\/comments?post=10"}],"version-history":[{"count":6,"href":"https:\/\/www.prixhotel.com.br\/site\/wp-json\/wp\/v2\/pages\/10\/revisions"}],"predecessor-version":[{"id":480,"href":"https:\/\/www.prixhotel.com.br\/site\/wp-json\/wp\/v2\/pages\/10\/revisions\/480"}],"wp:attachment":[{"href":"https:\/\/www.prixhotel.com.br\/site\/wp-json\/wp\/v2\/media?parent=10"}],"curies":[{"name":"wp","href":"https:\/\/api.w.org\/{rel}","templated":true}]}}